{"id":9,"date":"2026-04-11T11:16:39","date_gmt":"2026-04-11T11:16:39","guid":{"rendered":"https:\/\/taianomaista.fi\/?page_id=9"},"modified":"2026-04-11T11:16:39","modified_gmt":"2026-04-11T11:16:39","slug":"about-us-3","status":"publish","type":"page","link":"https:\/\/taianomaista.fi\/?page_id=9","title":{"rendered":"Meist\u00e4"},"content":{"rendered":"\n<h2 class=\"wp-block-heading\"><em>&#8221;Taianomaista palvelua niin l\u00e4hell\u00e4, ett\u00e4 kauas&#8230;&#8221;<\/em><\/h2>\n\n\n\n<div class=\"wp-block-columns is-layout-flex wp-container-core-columns-is-layout-9d6595d7 wp-block-columns-is-layout-flex\">\n<div class=\"wp-block-column is-layout-flow wp-block-column-is-layout-flow\"><\/div>\n<\/div>\n\n\n\n<div class=\"wp-block-media-text is-stacked-on-mobile\" style=\"grid-template-columns:41% auto\"><figure class=\"wp-block-media-text__media\"><img loading=\"lazy\" decoding=\"async\" width=\"1024\" height=\"1024\" src=\"https:\/\/taianomaista.fi\/wp-content\/uploads\/2025\/02\/tyohakemus_kuva-2-1024x1024.jpg\" alt=\"\" class=\"wp-image-103 size-full\" srcset=\"https:\/\/taianomaista.fi\/wp-content\/uploads\/2025\/02\/tyohakemus_kuva-2-1024x1024.jpg 1024w, https:\/\/taianomaista.fi\/wp-content\/uploads\/2025\/02\/tyohakemus_kuva-2-300x300.jpg 300w, https:\/\/taianomaista.fi\/wp-content\/uploads\/2025\/02\/tyohakemus_kuva-2-150x150.jpg 150w, https:\/\/taianomaista.fi\/wp-content\/uploads\/2025\/02\/tyohakemus_kuva-2-768x768.jpg 768w, https:\/\/taianomaista.fi\/wp-content\/uploads\/2025\/02\/tyohakemus_kuva-2.jpg 1386w\" sizes=\"auto, (max-width: 1024px) 100vw, 1024px\" \/><\/figure><div class=\"wp-block-media-text__content\">\n<p class=\"has-text-align-center\"><em>Sari Karttunen<\/em><\/p>\n\n\n\n<p class=\"has-text-align-center\"><em>Olen astrologi, intuitiivinen ja selv\u00e4aistinen reiki energiahoitaja ja -kanavoija. Hoidan, palvelen ja ohjaan hyvinvoinnin asioissa. Ammatillista osaamista l\u00f6ytyy sosiaali- ja terveydenhuollon, liiketalouden sek\u00e4 sisustussuunnittelu alojen saralta.<br><br>Arvostan ja kunnioitan el\u00e4m\u00e4ss\u00e4 kokonaisvaltaista hyvinvointia, luontoa, ymp\u00e4rist\u00f6\u00e4, luonnonmukaisien asioiden lis\u00e4ksi osaamisen ja luovuuden kehitt\u00e4mist\u00e4.<\/em><br><br><em>Jos sinulla on kysytt\u00e4v\u00e4\u00e4 osaamisesta tai palveluista &#8211; voit l\u00e4hesty\u00e4 s\u00e4hk\u00f6postitse <a href=\"mailto:info@taianomaista.fi\">info@taianomaista.fi<\/a><\/em><\/p>\n<\/div><\/div>\n\n\n\n<p><\/p>\n\n\n\n<p><\/p>\n","protected":false},"excerpt":{"rendered":"<p>&#8221;Taianomaista palvelua niin l\u00e4hell\u00e4, ett\u00e4 kauas&#8230;&#8221; Sari Karttunen Olen astrologi, intuitiivinen ja selv\u00e4aistinen reiki energiahoitaja ja -kanavoija. Hoidan, palvelen ja&hellip;<\/p>\n","protected":false},"author":1,"featured_media":0,"parent":0,"menu_order":2,"comment_status":"closed","ping_status":"closed","template":"","meta":{"footnotes":""},"class_list":["post-9","page","type-page","status-publish","hentry"],"_links":{"self":[{"href":"https:\/\/taianomaista.fi\/index.php?rest_route=\/wp\/v2\/pages\/9","targetHints":{"allow":["GET"]}}],"collection":[{"href":"https:\/\/taianomaista.fi\/index.php?rest_route=\/wp\/v2\/pages"}],"about":[{"href":"https:\/\/taianomaista.fi\/index.php?rest_route=\/wp\/v2\/types\/page"}],"author":[{"embeddable":true,"href":"https:\/\/taianomaista.fi\/index.php?rest_route=\/wp\/v2\/users\/1"}],"replies":[{"embeddable":true,"href":"https:\/\/taianomaista.fi\/index.php?rest_route=%2Fwp%2Fv2%2Fcomments&post=9"}],"version-history":[{"count":85,"href":"https:\/\/taianomaista.fi\/index.php?rest_route=\/wp\/v2\/pages\/9\/revisions"}],"predecessor-version":[{"id":849,"href":"https:\/\/taianomaista.fi\/index.php?rest_route=\/wp\/v2\/pages\/9\/revisions\/849"}],"wp:attachment":[{"href":"https:\/\/taianomaista.fi\/index.php?rest_route=%2Fwp%2Fv2%2Fmedia&parent=9"}],"curies":[{"name":"wp","href":"https:\/\/api.w.org\/{rel}","templated":true}]}}