{"id":38,"date":"2025-03-09T10:20:29","date_gmt":"2025-03-09T10:20:29","guid":{"rendered":"https:\/\/taianomaista.fi\/?page_id=38"},"modified":"2025-03-09T10:20:29","modified_gmt":"2025-03-09T10:20:29","slug":"elama-on-taynna-ihmeita-ihmeellisyyksia-ja-taikaa","status":"publish","type":"page","link":"https:\/\/taianomaista.fi\/","title":{"rendered":"El\u00e4m\u00e4 on t\u00e4ynn\u00e4 taikaa ja yll\u00e4tyksellisyytt\u00e4."},"content":{"rendered":"\n<p class=\"has-x-large-font-size\" style=\"font-style:italic;font-weight:400\">Sit\u00e4 l\u00f6ytyy my\u00f6s itsest\u00e4si.<br>Oletko valmis l\u00e4htem\u00e4\u00e4n yhteiselle matkalle -kohti omaa sis\u00e4ist\u00e4 taianomaisuuttasi ja ihmeit\u00e4?<br><\/p>\n\n\n\n<p><\/p>\n","protected":false},"excerpt":{"rendered":"<p>Sit\u00e4 l\u00f6ytyy my\u00f6s itsest\u00e4si.Oletko valmis l\u00e4htem\u00e4\u00e4n yhteiselle matkalle -kohti omaa sis\u00e4ist\u00e4 taianomaisuuttasi ja ihmeit\u00e4?<\/p>\n","protected":false},"author":1,"featured_media":55,"parent":0,"menu_order":0,"comment_status":"closed","ping_status":"closed","template":"","meta":{"footnotes":""},"class_list":["post-38","page","type-page","status-publish","has-post-thumbnail","hentry"],"_links":{"self":[{"href":"https:\/\/taianomaista.fi\/index.php?rest_route=\/wp\/v2\/pages\/38","targetHints":{"allow":["GET"]}}],"collection":[{"href":"https:\/\/taianomaista.fi\/index.php?rest_route=\/wp\/v2\/pages"}],"about":[{"href":"https:\/\/taianomaista.fi\/index.php?rest_route=\/wp\/v2\/types\/page"}],"author":[{"embeddable":true,"href":"https:\/\/taianomaista.fi\/index.php?rest_route=\/wp\/v2\/users\/1"}],"replies":[{"embeddable":true,"href":"https:\/\/taianomaista.fi\/index.php?rest_route=%2Fwp%2Fv2%2Fcomments&post=38"}],"version-history":[{"count":15,"href":"https:\/\/taianomaista.fi\/index.php?rest_route=\/wp\/v2\/pages\/38\/revisions"}],"predecessor-version":[{"id":287,"href":"https:\/\/taianomaista.fi\/index.php?rest_route=\/wp\/v2\/pages\/38\/revisions\/287"}],"wp:featuredmedia":[{"embeddable":true,"href":"https:\/\/taianomaista.fi\/index.php?rest_route=\/wp\/v2\/media\/55"}],"wp:attachment":[{"href":"https:\/\/taianomaista.fi\/index.php?rest_route=%2Fwp%2Fv2%2Fmedia&parent=38"}],"curies":[{"name":"wp","href":"https:\/\/api.w.org\/{rel}","templated":true}]}}