{"id":3,"date":"2025-02-19T14:06:37","date_gmt":"2025-02-19T14:06:37","guid":{"rendered":"https:\/\/taianomaista.fi\/?page_id=3"},"modified":"2025-02-19T22:13:41","modified_gmt":"2025-02-19T22:13:41","slug":"privacy-policy","status":"publish","type":"page","link":"https:\/\/taianomaista.fi\/?page_id=3","title":{"rendered":"Tietosuojaseloste"},"content":{"rendered":"\n<p>20.2.2025<\/p>\n\n\n\n<h2 class=\"wp-block-heading\">Rekisterin\/rekistereidenpit\u00e4j\u00e4<\/h2>\n\n\n\n<p>Sari Karttunen<br>Eezy kevytyritt\u00e4j\u00e4<br>valokanava@outlook.com<\/p>\n\n\n\n<h2 class=\"wp-block-heading\">Yhteyshenkil\u00f6 rekisteri\u00e4 koskevissa asioissa ja yhteydenottotavat<\/h2>\n\n\n\n<p>S\u00e4hk\u00f6postitse:<br>Sari Karttunen<br>valokanava@outlook.com<\/p>\n\n\n\n<h2 class=\"wp-block-heading\">Tietosuojaselosteen kuvaus<\/h2>\n\n\n\n<p>T\u00e4ss\u00e4 tietosuoja-asetuksen 679\/2016\/EU 13 ja 14 artiklojen mukaisessa tietosuojaselosteessa kerrotaan, miten rekisterin- ja rekistereidenpit\u00e4j\u00e4 k\u00e4sittelee asiakkaiden henkil\u00f6tietoja.<br><br>Rekisteri- ja rekistereidenpit\u00e4j\u00e4 on toimintansa osalta Eezy kevytyritt\u00e4j\u00e4t laskutuspalveluiden ja Vello ajanvaraus palveluj\u00e4rjestelmien k\u00e4ytt\u00e4j\u00e4. Rekister\u00f6ityjen ryhm\u00e4 koostuu n\u00e4ihin j\u00e4rjestelmiin kirjatuista \/ kirjautuneista asiakkaista. Henkil\u00f6tietojen antaminen perustuu toimeksiantosopimukseen rekisterinpit\u00e4j\u00e4n kanssa. Mik\u00e4li toimeksiannon hoitamisen edellytt\u00e4mi\u00e4 tietoja ei anneta, ei rekisterinpit\u00e4j\u00e4 voi tarjota palveluitaan asiakkaalle\/ toimeksiantajalle. Asiakas hyv\u00e4ksyy henkil\u00f6tietojensa k\u00e4sittelyn t\u00e4m\u00e4n tietosuojaselosteen mukaisesti k\u00e4ytt\u00e4m\u00e4ll\u00e4 rekisteripit\u00e4j\u00e4n palveluita.<\/p>\n\n\n\n<h2 class=\"wp-block-heading\">Henkil\u00f6tietojen k\u00e4sittelyn tarkoitus ja oikeusperuste<\/h2>\n\n\n\n<p>Henkil\u00f6tietojen k\u00e4sittelyn tarkoitus on asiakastietorekisterin yll\u00e4pito sek\u00e4 toimeksiantosuhteeseen liittyvien lakis\u00e4\u00e4teisten ( kuten kirjanpito ja verotukseen) liittyvien velvoitteiden hoitaminen.<br><br>Henkil\u00f6tietojen k\u00e4sittely perustuu toimeksiantosopimukseen ja asiakkaan toimeksiantoa varten antamaan suostumukseen. Rekisterinpit\u00e4j\u00e4ll\u00e4 on my\u00f6s oikeutettu etu k\u00e4sitell\u00e4 vastaanottamiaan asiakastietoja. Oikeutettu etu perustuu rekisteripit\u00e4j\u00e4\u00e4 velvoittaviin lain tai viranomaisen m\u00e4\u00e4r\u00e4yksiin, jotka liittyv\u00e4t toimeksiantosopimuksen mukaisen palvelun tarjoamiseen sek\u00e4 sopimuksen ja lakis\u00e4\u00e4teisten velvoitteiden t\u00e4yt\u00e4nt\u00f6\u00f6npanoon<\/p>\n\n\n\n<h2 class=\"wp-block-heading\">Rekisterin sis\u00e4lt\u00f6<\/h2>\n\n\n\n<p>Rekisterit sis\u00e4lt\u00e4\u00e4 asiakkaan:<br> I. nimi<br>II. asiakasnumero\/t<br>III. puhelinnumero<br>IV. s\u00e4hk\u00f6postiosoite<br>V. Muut tarpeelliset yhteystiedot <br>VI. Palvelun osto- ja k\u00e4ytt\u00f6tiedot (kuten syntym\u00e4aika ja -paikka)<br>VII. Tiedon k\u00e4sittelyyn liittyv\u00e4t tiedot, kuten tallennusp\u00e4iv\u00e4m\u00e4\u00e4r\u00e4 ja tietol\u00e4hde<br><br> (Em. henkil\u00f6tietoja k\u00e4sitell\u00e4\u00e4n Eezy- kevytyritt\u00e4j\u00e4 laskutuspalvelussa ja Vello &#8211; ajanvaraus palveluj\u00e4rjestelm\u00e4ss\u00e4.)<\/p>\n\n\n\n<h2 class=\"wp-block-heading\">Henkil\u00f6tietojen vastaanottajat<\/h2>\n\n\n\n<p>Henkil\u00f6tietoja vastaanottaa rekisteri- ja rekistereidenpit\u00e4j\u00e4 sek\u00e4 n\u00e4iden lukuun toimiva Eezy kevytyritt\u00e4j\u00e4t ja sen henkil\u00f6kunta voivat k\u00e4sitell\u00e4 henkil\u00f6tietoja omassa toiminnassa rekisteripit\u00e4j\u00e4n lukuun toimiessaan toimeksiantosopimuksen mukaisen laskutuksen ja maksupalveluiden k\u00e4yt\u00e4nn\u00f6ntoteuttajana. Lis\u00e4ksi Vello ajanvaraus palveluj\u00e4rjestelm\u00e4\u00e4 tarjoavalla taholla saattaa olla p\u00e4\u00e4sy ja samalla mahdollisuus p\u00e4\u00e4st\u00e4 n\u00e4kem\u00e4\u00e4n rekisteriin tallennettuja henkil\u00f6tietoja rekisteri ja j\u00e4rjestelm\u00e4 k\u00e4ytt\u00f6\u00e4 ilmenneiss\u00e4 tukipyynt\u00f6- ja korvaustilanteissa.<\/p>\n\n\n\n<h2 class=\"wp-block-heading\">Henkil\u00f6tietojen s\u00e4ilytysaika<\/h2>\n\n\n\n<p>Henkil\u00f6tietoja s\u00e4ilytet\u00e4\u00e4n ainoastaan niin kauan, kuin se on t\u00e4ss\u00e4 tietosuojaselosteessa m\u00e4\u00e4riteltyjen tarkoitusten toteuttamiseksi tarpeen.<\/p>\n\n\n\n<h2 class=\"wp-block-heading\">S\u00e4\u00e4nn\u00f6nmukaiset tietol\u00e4hteet<\/h2>\n\n\n\n<p>Henkil\u00f6tietoja ker\u00e4t\u00e4\u00e4n ja p\u00e4ivitet\u00e4\u00e4n rekister\u00f6idylt\u00e4.<\/p>\n\n\n\n<p>Rekister\u00f6idyn suostumuksella henkil\u00f6tietoja voidaan ker\u00e4t\u00e4 ja p\u00e4ivitt\u00e4\u00e4 my\u00f6s muualta, kuten viranomaisilta tai julkisesti k\u00e4yt\u00f6ss\u00e4 olevista palveluista. Henkil\u00f6tietoja voidaan ker\u00e4t\u00e4 ja p\u00e4ivitt\u00e4\u00e4 my\u00f6s ilman rekister\u00f6idyn suostumusta lains\u00e4\u00e4d\u00e4nn\u00f6n sallimissa tilanteissa.<\/p>\n\n\n\n<h2 class=\"wp-block-heading\">Tietojen s\u00e4\u00e4nn\u00f6nmukaiset luovutukset ja tietojen siirto Euroopan unionin tai ETA:n ulkopuolelle<\/h2>\n\n\n\n<p>Tietoja voidaan luovuttaa my\u00f6s voimassa olevaan lains\u00e4\u00e4d\u00e4nt\u00f6\u00f6n perustuen toimivaltaisten viranomaisten tai muiden tahojen esitt\u00e4mien vaatimusten edellytt\u00e4m\u00e4ll\u00e4 tavalla.<br><br>Henkil\u00f6tietoja ei s\u00e4\u00e4nn\u00f6nmukaisesti EU\/ETA:n ulkopuolelle luovuteta. Jos kuitenkin henkil\u00f6tietoja luovutetaan EU\/ETA:n ulkopuolelle, rekisterin\/rekistereidenpit\u00e4j\u00e4 huolehtii henkil\u00f6tietojen suojan riitt\u00e4v\u00e4st\u00e4 tasosta noudattamalla tietojen siirrossa tietosuojalains\u00e4\u00e4d\u00e4nn\u00f6n edellytt\u00e4mi\u00e4 sopivia ja asianmukaisia suojaustoimia.<\/p>\n\n\n\n<h2 class=\"wp-block-heading\">Kuvaus rekisterinsuojauksen periaatteesta<\/h2>\n\n\n\n<p>Rekisterinpit\u00e4j\u00e4 ja t\u00e4m\u00e4n lukuun henkil\u00f6tietoja k\u00e4sittelev\u00e4 on toteuttanut asianmukaiset tekniset ja organisatoriset toimenpiteet henkil\u00f6tietojen suojan ja tietosuojan varmistamiseksi. Henkil\u00f6tietoja k\u00e4sitell\u00e4\u00e4n s\u00e4hk\u00f6isiss\u00e4 tietokannoissa ja\/tai manuaalisesti yll\u00e4pidett\u00e4viss\u00e4 aineistoissa.<\/p>\n\n\n\n<p>S\u00e4hk\u00f6isesti k\u00e4sitelt\u00e4v\u00e4t tietokannat on suojattu palomuurein, salasanoin ja muilla tietoturvan toimialalla yleisesti hyv\u00e4ksytt\u00e4vin teknisin keinoin. Manuaalisesti yll\u00e4pidett\u00e4vi\u00e4 ja k\u00e4sitelt\u00e4vi\u00e4 aineistoja k\u00e4sitell\u00e4\u00e4n ja  s\u00e4ilytet\u00e4\u00e4n sis\u00e4llytt\u00e4m\u00e4tt\u00e4 henkil\u00f6- ja\/tai tunnistetietoja.<\/p>\n\n\n\n<h2 class=\"wp-block-heading\">Rekister\u00f6idyn oikeudet <\/h2>\n\n\n\n<p>Rekister\u00f6idyll\u00e4 on rekister\u00f6ityn\u00e4 seuraavat tietosuojalains\u00e4\u00e4d\u00e4nn\u00f6n turvaamat oikeudet:<br><br>-Rekister\u00f6idyll\u00e4 on oikeus pyyt\u00e4\u00e4 rekisterin- ja rekistereidenpit\u00e4j\u00e4lt\u00e4 p\u00e4\u00e4sy itse\u00e4\u00e4n koskeviin henkil\u00f6tietoihin sek\u00e4 oikeus pyyt\u00e4\u00e4 kyseisten tietojen oikaisemista. Henkil\u00f6tietojen korjauspyynt\u00f6 tulee yksil\u00f6id\u00e4 siten, ett\u00e4 henkil\u00f6tiedoissa oleva virhe voidaan havaita ja korjata helposti.<\/p>\n\n\n\n<p>-Rekister\u00f6idyll\u00e4 on oikeus pyyt\u00e4\u00e4 henkil\u00f6tietojen poistamista sovellettavan tietosuojalains\u00e4\u00e4d\u00e4nn\u00f6n rajoissa ja mukaisesti.<\/p>\n\n\n\n<p>-Rekister\u00f6idyll\u00e4 on oikeus pyyt\u00e4\u00e4 henkil\u00f6tietojen k\u00e4sittelyn rajoittamista sek\u00e4 vastustaa henkil\u00f6tietojen k\u00e4sittely\u00e4 sovellettavan tietosuojalains\u00e4\u00e4d\u00e4nn\u00f6n rajoissa ja mukaisesti.<br><br>-Rekister\u00f6idyll\u00e4 on oikeus siirt\u00e4\u00e4 tiedot j\u00e4rjestelm\u00e4st\u00e4 toiseen eli saada itse\u00e4\u00e4n koskevat henkil\u00f6tiedot j\u00e4sennellyiss\u00e4 ja yleisesti k\u00e4ytetyss\u00e4 muodossa ja siirt\u00e4\u00e4 ne toiselle rekisterinpit\u00e4j\u00e4lle sovellettavan tietosuojalains\u00e4\u00e4d\u00e4nn\u00f6n rajoissa ja mukaisesti.<br><br>-Rekister\u00f6idyll\u00e4 on oikeus tehd\u00e4 valitus kansalliselle tietosuojaviranomaiselle ( Suomessa tietosuojavaltuutettu) tai muulle Euroopan unionin tai Euroopan talousalueen tietosuojaviranomaiselle, jos rekister\u00f6ity katsoo, ett\u00e4 h\u00e4nen henkil\u00f6tieto k\u00e4sittelyyn liittyvi\u00e4 lakis\u00e4\u00e4teisi\u00e4 oikeuksia on rikottu.<br><br>Rekister\u00f6ity voi osoittaa pyynn\u00f6t yll\u00e4mainittujen oikeuksiensa k\u00e4ytt\u00e4misest\u00e4 tietosuoja-asioissa vastaavalle yhteyshenkil\u00f6lle.<br><br>Henkil\u00f6tietoja ei k\u00e4ytet\u00e4 automaattiseen p\u00e4\u00e4t\u00f6ksen tekoon, kuten profilointiin.<br><\/p>\n\n\n\n<h2 class=\"wp-block-heading\">T\u00e4rke\u00e4\u00e4 huomioitavaa verkkopalvelusivuja k\u00e4yt\u00e4tt\u00e4ess\u00e4.<\/h2>\n\n\n\n<p>Verkkopalvelusivuilla (taianomaista.fi) oma-aloitteinen vierailu ja vapaaehtoinen toimiminen voi ja saattaa mahdollisesti ker\u00e4t\u00e4 ja koostaa vierailijastaan mahdollisia tietoja, dataa ja muuta sis\u00e4lt\u00f6\u00e4, josta usein on seurausta siten, ett\u00e4 vierailija tulee oma- ja vapaaehtoisesti rekister\u00f6ityneeksi rekisterinpit\u00e4j\u00e4n asiakastietoj\u00e4rjestelm\u00e4\u00e4n verkkopalvelusivuille upotetun sis\u00e4ll\u00f6n johdosta tai tarjonneeksi tietoa muun verkkopalvelusivuilla toimintansa johdosta. <\/p>\n\n\n\n<h2 class=\"wp-block-heading\" style=\"font-size:20px\">Upotettu sis\u00e4lt\u00f6 muilta verkkosivuilta<\/h2>\n\n\n\n<p class=\"has-small-font-size\">T\u00e4m\u00e4n sivuston artikkelit voivat sis\u00e4lt\u00e4\u00e4 ja osaltaan sis\u00e4lt\u00e4\u00e4 upotettua sis\u00e4lt\u00f6\u00e4 (esim. videoita, kuvia, artikkeleita, linkkej\u00e4 jne.). Muiden verkkosivustojen upotettu sis\u00e4lt\u00f6 k\u00e4ytt\u00e4ytyy t\u00e4sm\u00e4lleen samalla tavalla kuin jos vierailija olisi vieraillut toisella verkkosivustolla.<br><br>N\u00e4m\u00e4 verkkosivustot voivat ker\u00e4t\u00e4 tietoja sinusta, k\u00e4ytt\u00e4\u00e4 ev\u00e4steit\u00e4, upottaa ylim\u00e4\u00e4r\u00e4ist\u00e4 kolmannen osapuolen seurantaa ja seurata vuorovaikutustasi upotetun sis\u00e4ll\u00f6n kanssa, mukaan lukien vuorovaikutustasi upotetun sis\u00e4ll\u00f6n kanssa, jos sinulla on tili ja olet kirjautunut kyseiselle verkkosivustolle tai antanut henkil\u00f6tietoja k\u00e4ytett\u00e4v\u00e4ksi kyseisell\u00e4 verkkosivustolla (Vello.fi).<\/p>\n\n\n\n<h2 class=\"wp-block-heading has-medium-font-size\">Kommentit<\/h2>\n\n\n\n<p class=\"has-small-font-size\">Kun vierailijat j\u00e4tt\u00e4v\u00e4t kommentteja sivustolle, ker\u00e4\u00e4mme kommenttilomakkeessa n\u00e4kyv\u00e4t tiedot sek\u00e4 vierailijan IP-osoitteen ja selaimen k\u00e4ytt\u00e4j\u00e4agenttijonon roskapostin tunnistamisen helpottamiseksi.\n\nS\u00e4hk\u00f6postiosoitteestasi luotu anonymisoitu merkkijono (kutsutaan my\u00f6s hashiksi) voidaan toimittaa Gravatar-palveluun, jotta n\u00e4et, k\u00e4yt\u00e4tk\u00f6 sit\u00e4. Gravatar-palvelun tietosuojak\u00e4yt\u00e4nt\u00f6 on saatavilla t\u00e4\u00e4lt\u00e4: https:\/\/automattic.com\/privacy\/. Kun kommenttisi on hyv\u00e4ksytty, profiilikuvasi n\u00e4kyy julkisesti kommenttisi yhteydess\u00e4.<\/p>\n\n\n\n<h2 class=\"wp-block-heading has-medium-font-size\">Media<\/h2>\n\n\n\n<p class=\"has-small-font-size\">Jos lataat kuvia verkkosivustolle, sinun tulee v\u00e4ltt\u00e4\u00e4 kuvien lataamista, joissa on upotettu sijaintitieto (EXIF GPS). Sivuston vierailijat voivat ladata ja poimia mit\u00e4 tahansa sijaintitietoja verkkosivustolla olevista kuvista.<\/p>\n\n\n\n<h2 class=\"wp-block-heading has-medium-font-size\">Ev\u00e4steet<\/h2>\n\n\n\n<p class=\"has-small-font-size\">Jos j\u00e4t\u00e4t kommentin sivustollemme, voit halutessasi tallentaa nimesi, s\u00e4hk\u00f6postiosoitteesi ja verkkosivustosi ev\u00e4steisiin. N\u00e4m\u00e4 ovat avuksesi, jotta sinun ei tarvitse t\u00e4ytt\u00e4\u00e4 tietojasi uudelleen, kun j\u00e4t\u00e4t toisen kommentin. N\u00e4m\u00e4 ev\u00e4steet s\u00e4ilyv\u00e4t yhden vuoden.<br><br>Jos vierailet kirjautumissivullamme, asetamme v\u00e4liaikaisen ev\u00e4steen m\u00e4\u00e4ritt\u00e4\u00e4ksemme, hyv\u00e4ksyyk\u00f6 selaimesi ev\u00e4steet. T\u00e4m\u00e4 ev\u00e4ste ei sis\u00e4ll\u00e4 henkil\u00f6tietoja, ja se hyl\u00e4t\u00e4\u00e4n, kun suljet selaimesi.<br><br>Kun kirjaudut sis\u00e4\u00e4n, asetamme my\u00f6s useita ev\u00e4steit\u00e4 tallentaaksemme kirjautumistietosi ja n\u00e4yt\u00f6n valintasi. Kirjautumisev\u00e4steet kest\u00e4v\u00e4t kaksi p\u00e4iv\u00e4\u00e4 ja n\u00e4ytt\u00f6asetusev\u00e4steet vuoden. Jos valitset &#8221;Muista minut&#8221;, kirjautumisesi s\u00e4ilyy kaksi viikkoa. Jos kirjaudut ulos tililt\u00e4si, kirjautumisev\u00e4steet poistetaan.<br><br>Jos muokkaat tai julkaiset artikkelin, selaimeesi tallennetaan lis\u00e4ev\u00e4ste. T\u00e4m\u00e4 ev\u00e4ste ei sis\u00e4ll\u00e4 henkil\u00f6tietoja, ja se osoittaa yksinkertaisesti juuri muokkaamasi artikkelin viestitunnuksen. Se vanhenee 1 p\u00e4iv\u00e4n kuluttua.<\/p>\n\n\n\n<p><\/p>\n","protected":false},"excerpt":{"rendered":"<p>20.2.2025 Rekisterin\/rekistereidenpit\u00e4j\u00e4 Sari KarttunenEezy kevytyritt\u00e4j\u00e4valokanava@outlook.com Yhteyshenkil\u00f6 rekisteri\u00e4 koskevissa asioissa ja yhteydenottotavat S\u00e4hk\u00f6postitse:Sari Karttunenvalokanava@outlook.com Tietosuojaselosteen kuvaus T\u00e4ss\u00e4 tietosuoja-asetuksen 679\/2016\/EU 13 ja&hellip;<\/p>\n","protected":false},"author":1,"featured_media":0,"parent":0,"menu_order":5,"comment_status":"closed","ping_status":"open","template":"","meta":{"footnotes":""},"class_list":["post-3","page","type-page","status-publish","hentry"],"_links":{"self":[{"href":"https:\/\/taianomaista.fi\/index.php?rest_route=\/wp\/v2\/pages\/3","targetHints":{"allow":["GET"]}}],"collection":[{"href":"https:\/\/taianomaista.fi\/index.php?rest_route=\/wp\/v2\/pages"}],"about":[{"href":"https:\/\/taianomaista.fi\/index.php?rest_route=\/wp\/v2\/types\/page"}],"author":[{"embeddable":true,"href":"https:\/\/taianomaista.fi\/index.php?rest_route=\/wp\/v2\/users\/1"}],"replies":[{"embeddable":true,"href":"https:\/\/taianomaista.fi\/index.php?rest_route=%2Fwp%2Fv2%2Fcomments&post=3"}],"version-history":[{"count":4,"href":"https:\/\/taianomaista.fi\/index.php?rest_route=\/wp\/v2\/pages\/3\/revisions"}],"predecessor-version":[{"id":217,"href":"https:\/\/taianomaista.fi\/index.php?rest_route=\/wp\/v2\/pages\/3\/revisions\/217"}],"wp:attachment":[{"href":"https:\/\/taianomaista.fi\/index.php?rest_route=%2Fwp%2Fv2%2Fmedia&parent=3"}],"curies":[{"name":"wp","href":"https:\/\/api.w.org\/{rel}","templated":true}]}}